{"id":44,"date":"2025-06-24T08:36:51","date_gmt":"2025-06-24T06:36:51","guid":{"rendered":"https:\/\/espacemaths-ain.fr\/?page_id=44"},"modified":"2025-07-07T15:38:35","modified_gmt":"2025-07-07T13:38:35","slug":"presentation","status":"publish","type":"page","link":"https:\/\/espacemaths-ain.fr\/index.php\/presentation\/","title":{"rendered":"Notre approche"},"content":{"rendered":"\n<p><\/p>\n\n\n\n<h2 class=\"wp-block-heading\">Le prof<\/h2>\n\n\n\n<p><strong>Julien <\/strong>est le professeur de math\u00e9matiques d&#8217;<strong>Espace Maths<\/strong>.<\/p>\n\n\n\n<blockquote class=\"wp-block-quote is-layout-flow wp-block-quote-is-layout-flow\">\n<p><em><strong>Professeur certifi\u00e9, j&#8217;enseigne les math\u00e9matiques dans les coll\u00e8ges de l&#8217;Ain depuis 2019 <\/strong>ainsi qu&#8217;\u00e0 l&#8217;universit\u00e9. Je suis titulaire d\u2019un dipl\u00f4me d\u2019ing\u00e9nieur et d\u2019un doctorat en physique.<\/em><\/p>\n\n\n\n<p><em>Apr\u00e8s une carri\u00e8re de 20 ans dans la recherche et l\u2019industrie nucl\u00e9aire, et fort d\u2019une longue exp\u00e9rience en cours particuliers, j\u2019ai choisi de me consacrer pleinement \u00e0 l\u2019enseignement, par passion pour la transmission et l\u2019accompagnement des \u00e9l\u00e8ves.<\/em><\/p>\n<\/blockquote>\n\n\n<style>.kb-row-layout-id44_a5e18b-2b > .kt-row-column-wrap{align-content:start;}:where(.kb-row-layout-id44_a5e18b-2b > .kt-row-column-wrap) > .wp-block-kadence-column{justify-content:start;}.kb-row-layout-id44_a5e18b-2b > .kt-row-column-wrap{column-gap:var(--global-kb-gap-md, 2rem);row-gap:var(--global-kb-gap-md, 2rem);padding-top:var(--global-kb-spacing-5xl, 10rem);padding-bottom:var(--global-kb-spacing-5xl, 10rem);grid-template-columns:minmax(0, 1fr);}.kb-row-layout-id44_a5e18b-2b{background-image:url('http:\/\/espacemaths-ain.fr\/wp-content\/uploads\/2025\/07\/illustration_cours_flou-scaled.jpg');background-size:cover;background-position:50% 25%;background-attachment:fixed;background-repeat:no-repeat;}.kb-row-layout-id44_a5e18b-2b > .kt-row-layout-overlay{opacity:0.30;}@media all and (max-width: 1024px), only screen and (min-device-width: 1024px) and (max-device-width: 1366px) and (-webkit-min-device-pixel-ratio: 2) and (hover: none){.kb-row-layout-id44_a5e18b-2b{background-attachment:scroll;}}@media all and (max-width: 1024px){.kb-row-layout-id44_a5e18b-2b > .kt-row-column-wrap{grid-template-columns:minmax(0, 1fr);}}@media all and (max-width: 767px){.kb-row-layout-id44_a5e18b-2b > .kt-row-column-wrap{grid-template-columns:minmax(0, 1fr);}}<\/style><div class=\"kb-row-layout-wrap kb-row-layout-id44_a5e18b-2b alignfull kt-row-has-bg kt-jarallax wp-block-kadence-rowlayout\" data-img-position=\"50% 25%\" data-img-size=\"cover\"><div class=\"kt-row-column-wrap kt-has-1-columns kt-row-layout-equal kt-tab-layout-inherit kt-mobile-layout-row kt-row-valign-top\">\n<style>.kadence-column44_87dcab-08 > .kt-inside-inner-col,.kadence-column44_87dcab-08 > .kt-inside-inner-col:before{border-top-left-radius:0px;border-top-right-radius:0px;border-bottom-right-radius:0px;border-bottom-left-radius:0px;}.kadence-column44_87dcab-08 > .kt-inside-inner-col{column-gap:var(--global-kb-gap-sm, 1rem);}.kadence-column44_87dcab-08 > .kt-inside-inner-col{flex-direction:column;}.kadence-column44_87dcab-08 > .kt-inside-inner-col > .aligncenter{width:100%;}.kadence-column44_87dcab-08 > .kt-inside-inner-col:before{opacity:0.3;}.kadence-column44_87dcab-08{position:relative;}@media all and (max-width: 1024px){.kadence-column44_87dcab-08 > .kt-inside-inner-col{flex-direction:column;justify-content:center;}}@media all and (max-width: 767px){.kadence-column44_87dcab-08 > .kt-inside-inner-col{flex-direction:column;justify-content:center;}}<\/style>\n<div class=\"wp-block-kadence-column kadence-column44_87dcab-08\"><div class=\"kt-inside-inner-col\">\n<p class=\"has-text-align-center has-primary-color has-text-color has-link-color has-larger-font-size wp-elements-017adc660499e261d82a18edc76a1752\"><strong><em>Consolider les fondamentaux et <\/em><\/strong><br><strong><em>transmettre des m\u00e9thodes de travail efficaces<\/em><\/strong><\/p>\n<\/div><\/div>\n\n<\/div><\/div>\n\n\n<h2 class=\"wp-block-heading\">Quels sont nos objectifs p\u00e9dagogiques ?<\/h2>\n\n\n\n<p><strong>Consolider les fondamentaux du programme<\/strong>, afin de mieux aborder les \u00e9valuations et les examens (contr\u00f4les, brevet&#8230;) en toute s\u00e9r\u00e9nit\u00e9.<\/p>\n\n\n\n<p><strong>Redonner confiance<\/strong> aux \u00e9l\u00e8ves gr\u00e2ce \u00e0 des <strong>m\u00e9thodes de travail efficaces<\/strong>, pour d\u00e9velopper leur autonomie. Les difficult\u00e9s en maths proviennent souvent d\u2019un manque de m\u00e9thode plut\u00f4t que de comp\u00e9tences.<\/p>\n\n\n\n<p><strong>Combler les lacunes principales<\/strong>, en ciblant les notions mal comprises ou mal ma\u00eetris\u00e9es, <strong>renforcer les acquis<\/strong> par des exercices adapt\u00e9s.<\/p>\n\n\n\n<h3 class=\"wp-block-heading\">Un cadre de travail propice \u00e0 la concentration<\/h3>\n\n\n\n<p>Chaque \u00e9l\u00e8ve dispose de <strong>son propre bureau<\/strong>. Le stage se d\u00e9roule dans une <strong>salle d\u00e9di\u00e9e<\/strong>, climatis\u00e9e, situ\u00e9e \u00e0 domicile, dans un environnement <strong>calme et entour\u00e9 de nature<\/strong>. <\/p>\n\n\n\n<p>Nous avons voulu un lieu diff\u00e9rent du coll\u00e8ge : <strong>chaleureux, structur\u00e9, apaisant<\/strong>, o\u00f9 les conditions sont r\u00e9unies pour r\u00e9fl\u00e9chir, se concentrer et progresser.<\/p>\n\n\n<style>.kb-row-layout-id44_96f2df-37 > .kt-row-column-wrap{align-content:start;}:where(.kb-row-layout-id44_96f2df-37 > .kt-row-column-wrap) > .wp-block-kadence-column{justify-content:start;}.kb-row-layout-id44_96f2df-37 > .kt-row-column-wrap{column-gap:var(--global-kb-gap-md, 2rem);row-gap:var(--global-kb-gap-md, 2rem);padding-top:var(--global-kb-spacing-5xl, 10rem);padding-bottom:var(--global-kb-spacing-5xl, 10rem);grid-template-columns:minmax(0, 1fr);}.kb-row-layout-id44_96f2df-37{background-image:url('http:\/\/espacemaths-ain.fr\/wp-content\/uploads\/2025\/07\/PXL_20250706_080129124-1.MP2_-scaled.jpg');background-size:cover;background-position:50% 40%;background-attachment:fixed;background-repeat:no-repeat;}.kb-row-layout-id44_96f2df-37 > .kt-row-layout-overlay{opacity:0.30;}@media all and (max-width: 1024px), only screen and (min-device-width: 1024px) and (max-device-width: 1366px) and (-webkit-min-device-pixel-ratio: 2) and (hover: none){.kb-row-layout-id44_96f2df-37{background-attachment:scroll;}}@media all and (max-width: 1024px){.kb-row-layout-id44_96f2df-37 > .kt-row-column-wrap{grid-template-columns:minmax(0, 1fr);}}@media all and (max-width: 767px){.kb-row-layout-id44_96f2df-37 > .kt-row-column-wrap{grid-template-columns:minmax(0, 1fr);}}<\/style><div class=\"kb-row-layout-wrap kb-row-layout-id44_96f2df-37 alignfull kt-row-has-bg kt-jarallax wp-block-kadence-rowlayout\" data-img-position=\"50% 40%\" data-img-size=\"cover\"><div class=\"kt-row-column-wrap kt-has-1-columns kt-row-layout-equal kt-tab-layout-inherit kt-mobile-layout-row kt-row-valign-top\">\n<style>.kadence-column44_ff8798-6d > .kt-inside-inner-col,.kadence-column44_ff8798-6d > .kt-inside-inner-col:before{border-top-left-radius:0px;border-top-right-radius:0px;border-bottom-right-radius:0px;border-bottom-left-radius:0px;}.kadence-column44_ff8798-6d > .kt-inside-inner-col{column-gap:var(--global-kb-gap-sm, 1rem);}.kadence-column44_ff8798-6d > .kt-inside-inner-col{flex-direction:column;}.kadence-column44_ff8798-6d > .kt-inside-inner-col > .aligncenter{width:100%;}.kadence-column44_ff8798-6d > .kt-inside-inner-col:before{opacity:0.3;}.kadence-column44_ff8798-6d{position:relative;}@media all and (max-width: 1024px){.kadence-column44_ff8798-6d > .kt-inside-inner-col{flex-direction:column;justify-content:center;}}@media all and (max-width: 767px){.kadence-column44_ff8798-6d > .kt-inside-inner-col{flex-direction:column;justify-content:center;}}<\/style>\n<div class=\"wp-block-kadence-column kadence-column44_ff8798-6d\"><div class=\"kt-inside-inner-col\">\n<p class=\"has-text-align-center has-text-color has-link-color has-larger-font-size wp-elements-28255b49e752c1814bb0de3db9b43c34\" style=\"color:#ffffff\"><strong><em>Une salle d\u00e9di\u00e9e, climatis\u00e9e, situ\u00e9e \u00e0 domicile, <br>dans un environnement calme et entour\u00e9 de nature.<\/em><\/strong><\/p>\n<\/div><\/div>\n\n<\/div><\/div>\n\n\n<h3 class=\"wp-block-heading\">Comment se d\u00e9roule un stage ?<\/h3>\n\n\n\n<p>Avant le stage, nous demandons les <strong>copies des \u00e9valuations<\/strong> de l\u2019ann\u00e9e en cours et de l\u2019ann\u00e9e pr\u00e9c\u00e9dente. Cela nous permet d\u2019analyser pr\u00e9cis\u00e9ment les <strong>besoins de chaque \u00e9l\u00e8ve<\/strong>.<\/p>\n\n\n\n<p>Nous construisons ensuite un programme personnalis\u00e9, en nous appuyant sur cette analyse : est-ce un probl\u00e8me de compr\u00e9hension, de m\u00e9thode, de r\u00e9gularit\u00e9, de confiance ?<\/p>\n\n\n\n<p>Chaque \u00e9l\u00e8ve b\u00e9n\u00e9ficie d\u2019un <strong>accompagnement sur mesure<\/strong>.<\/p>\n\n\n\n<blockquote class=\"wp-block-quote is-layout-flow wp-block-quote-is-layout-flow\">\n<p><em>Nous donnons aux \u00e9l\u00e8ves les <strong>cl\u00e9s pour r\u00e9ussir<\/strong>, mais leur engagement est indispensable : il faut <strong>revenir sur les apprentissages du stage<\/strong> pour en tirer un b\u00e9n\u00e9fice durable.<\/em><\/p>\n<\/blockquote>\n","protected":false},"excerpt":{"rendered":"<p>Le prof Julien est le professeur de math\u00e9matiques d&#8217;Espace Maths. Professeur certifi\u00e9, j&#8217;enseigne les math\u00e9matiques dans les coll\u00e8ges de l&#8217;Ain depuis 2019 ainsi qu&#8217;\u00e0 l&#8217;universit\u00e9. Je suis titulaire d\u2019un dipl\u00f4me d\u2019ing\u00e9nieur et d\u2019un doctorat en physique. Apr\u00e8s une carri\u00e8re de 20 ans dans la recherche et l\u2019industrie nucl\u00e9aire, et fort d\u2019une longue exp\u00e9rience en cours [&hellip;]<\/p>\n","protected":false},"author":1,"featured_media":0,"parent":0,"menu_order":0,"comment_status":"closed","ping_status":"closed","template":"","meta":{"footnotes":""},"class_list":["post-44","page","type-page","status-publish","hentry"],"_links":{"self":[{"href":"https:\/\/espacemaths-ain.fr\/index.php\/wp-json\/wp\/v2\/pages\/44","targetHints":{"allow":["GET"]}}],"collection":[{"href":"https:\/\/espacemaths-ain.fr\/index.php\/wp-json\/wp\/v2\/pages"}],"about":[{"href":"https:\/\/espacemaths-ain.fr\/index.php\/wp-json\/wp\/v2\/types\/page"}],"author":[{"embeddable":true,"href":"https:\/\/espacemaths-ain.fr\/index.php\/wp-json\/wp\/v2\/users\/1"}],"replies":[{"embeddable":true,"href":"https:\/\/espacemaths-ain.fr\/index.php\/wp-json\/wp\/v2\/comments?post=44"}],"version-history":[{"count":19,"href":"https:\/\/espacemaths-ain.fr\/index.php\/wp-json\/wp\/v2\/pages\/44\/revisions"}],"predecessor-version":[{"id":187,"href":"https:\/\/espacemaths-ain.fr\/index.php\/wp-json\/wp\/v2\/pages\/44\/revisions\/187"}],"wp:attachment":[{"href":"https:\/\/espacemaths-ain.fr\/index.php\/wp-json\/wp\/v2\/media?parent=44"}],"curies":[{"name":"wp","href":"https:\/\/api.w.org\/{rel}","templated":true}]}}